{"id":9,"date":"2024-11-27T15:56:02","date_gmt":"2024-11-27T14:56:02","guid":{"rendered":"https:\/\/sklep3.vebi.pro\/?page_id=9"},"modified":"2026-03-17T11:44:23","modified_gmt":"2026-03-17T10:44:23","slug":"koszyk-old","status":"publish","type":"page","link":"https:\/\/agro-hit.pl\/de\/koszyk-old\/","title":{"rendered":"Koszyk OLD"},"content":{"rendered":"<h2>Koszyk<\/h2>\n<p>\t\tTw\u00f3j koszyk aktualnie jest pusty.\t<\/p>\n<p>\n\t\t<a href=\"https:\/\/agro-hit.pl\/?page_id=892\"><br \/>\n\t\t\tWr\u00f3\u0107 do sklepu\t\t<\/a>\n\t<\/p>\n<pre><\/pre>","protected":false},"excerpt":{"rendered":"<p>Koszyk Tw\u00f3j koszyk aktualnie jest pusty. Wr\u00f3\u0107 do sklepu<\/p>","protected":false},"author":12,"featured_media":0,"parent":0,"menu_order":0,"comment_status":"closed","ping_status":"closed","template":"","meta":{"footnotes":""},"class_list":["post-9","page","type-page","status-publish","hentry"],"_links":{"self":[{"href":"https:\/\/agro-hit.pl\/de\/wp-json\/wp\/v2\/pages\/9","targetHints":{"allow":["GET"]}}],"collection":[{"href":"https:\/\/agro-hit.pl\/de\/wp-json\/wp\/v2\/pages"}],"about":[{"href":"https:\/\/agro-hit.pl\/de\/wp-json\/wp\/v2\/types\/page"}],"author":[{"embeddable":true,"href":"https:\/\/agro-hit.pl\/de\/wp-json\/wp\/v2\/users\/12"}],"replies":[{"embeddable":true,"href":"https:\/\/agro-hit.pl\/de\/wp-json\/wp\/v2\/comments?post=9"}],"version-history":[{"count":1,"href":"https:\/\/agro-hit.pl\/de\/wp-json\/wp\/v2\/pages\/9\/revisions"}],"predecessor-version":[{"id":3352,"href":"https:\/\/agro-hit.pl\/de\/wp-json\/wp\/v2\/pages\/9\/revisions\/3352"}],"wp:attachment":[{"href":"https:\/\/agro-hit.pl\/de\/wp-json\/wp\/v2\/media?parent=9"}],"curies":[{"name":"wp","href":"https:\/\/api.w.org\/{rel}","templated":true}]}}