{"id":3351,"date":"2026-03-17T11:45:30","date_gmt":"2026-03-17T10:45:30","guid":{"rendered":"https:\/\/agro-hit.pl\/?page_id=3351"},"modified":"2026-03-18T20:35:43","modified_gmt":"2026-03-18T19:35:43","slug":"koszyk","status":"publish","type":"page","link":"https:\/\/agro-hit.pl\/de\/koszyk\/","title":{"rendered":"Koszyk"},"content":{"rendered":"<div data-block-name=\"woocommerce\/cart\" class=\"wp-block-woocommerce-cart alignwide is-loading\">\n<div data-block-name=\"woocommerce\/filled-cart-block\" class=\"wp-block-woocommerce-filled-cart-block\">\n<div data-block-name=\"woocommerce\/cart-items-block\" class=\"wp-block-woocommerce-cart-items-block\">\n<div data-block-name=\"woocommerce\/cart-line-items-block\" class=\"wp-block-woocommerce-cart-line-items-block\"><\/div>\n\n\n<\/div>\n\n\n\n<div data-block-name=\"woocommerce\/cart-totals-block\" class=\"wp-block-woocommerce-cart-totals-block\">\n<div data-block-name=\"woocommerce\/cart-order-summary-block\" class=\"wp-block-woocommerce-cart-order-summary-block\">\n<div data-block-name=\"woocommerce\/cart-order-summary-heading-block\" data-content=\"Podsumowanie koszyka\" class=\"wp-block-woocommerce-cart-order-summary-heading-block\"><\/div>\n\n\n\n<div data-block-name=\"woocommerce\/cart-order-summary-coupon-form-block\" class=\"wp-block-woocommerce-cart-order-summary-coupon-form-block\"><\/div>\n\n\n\n<div data-block-name=\"woocommerce\/cart-order-summary-totals-block\" class=\"wp-block-woocommerce-cart-order-summary-totals-block\">\n<div data-block-name=\"woocommerce\/cart-order-summary-subtotal-block\" class=\"wp-block-woocommerce-cart-order-summary-subtotal-block\"><\/div>\n\n\n\n<div data-block-name=\"woocommerce\/cart-order-summary-fee-block\" class=\"wp-block-woocommerce-cart-order-summary-fee-block\"><\/div>\n\n\n\n<div data-block-name=\"woocommerce\/cart-order-summary-discount-block\" class=\"wp-block-woocommerce-cart-order-summary-discount-block\"><\/div>\n\n\n\n<div data-block-name=\"woocommerce\/cart-order-summary-shipping-block\" class=\"wp-block-woocommerce-cart-order-summary-shipping-block\"><\/div>\n\n\n\n<div data-block-name=\"woocommerce\/cart-order-summary-taxes-block\" class=\"wp-block-woocommerce-cart-order-summary-taxes-block\"><\/div>\n<\/div>\n<\/div>\n\n\n\n<div data-block-name=\"woocommerce\/cart-express-payment-block\" class=\"wp-block-woocommerce-cart-express-payment-block\"><\/div>\n\n\n\n<div data-block-name=\"woocommerce\/proceed-to-checkout-block\" class=\"wp-block-woocommerce-proceed-to-checkout-block\"><\/div>\n\n\n\n<div data-block-name=\"woocommerce\/cart-accepted-payment-methods-block\" class=\"wp-block-woocommerce-cart-accepted-payment-methods-block\"><\/div>\n<\/div>\n<\/div>\n\n\n\n<div data-block-name=\"woocommerce\/empty-cart-block\" class=\"wp-block-woocommerce-empty-cart-block\">\n<h2 class=\"wp-block-heading has-text-align-center with-empty-cart-icon wc-block-cart__empty-cart__title\">Tw\u00f3j koszyk jest obecnie pusty!<\/h2>\n\n\n\n<p class=\"has-text-align-center\"><a href=\"https:\/\/agro-hit.pl\/sklep\/\">Przegl\u0105daj sklep<\/a><\/p>\n\n\n\n<hr class=\"wp-block-separator has-alpha-channel-opacity is-style-dots\"\/>\n\n\n\n<h2 class=\"wp-block-heading has-text-align-center\">Nowe w sklepie<\/h2>\n\n\n<div data-block-name=\"woocommerce\/product-new\" data-columns=\"4\" data-rows=\"1\" class=\"wc-block-grid wp-block-product-new wp-block-woocommerce-product-new wc-block-product-new has-4-columns\"><ul class=\"wc-block-grid__products\"><li class=\"wc-block-grid__product\"><span class=\"gtm4wp_productdata\" style=\"display:none; visibility:hidden;\" data-gtm4wp_product_data=\"{&quot;internal_id&quot;:3471,&quot;item_id&quot;:3471,&quot;item_name&quot;:&quot;Beczka kwadratowa, zamykana obejm\\u0105 z r\\u0105czkami 100l&quot;,&quot;sku&quot;:3471,&quot;price&quot;:100,&quot;stocklevel&quot;:null,&quot;stockstatus&quot;:&quot;instock&quot;,&quot;google_business_vertical&quot;:&quot;retail&quot;,&quot;item_category&quot;:&quot;plastikowe pojemniki&quot;,&quot;id&quot;:3471,&quot;productlink&quot;:&quot;https:\\\/\\\/agro-hit.pl\\\/de\\\/produkt\\\/beczka-kwadratowa-zamykana-obejma-z-raczkami-100l\\\/&quot;,&quot;item_list_name&quot;:&quot;General Product List&quot;,&quot;index&quot;:0,&quot;product_type&quot;:&quot;variable&quot;,&quot;item_brand&quot;:&quot;&quot;}\"><\/span>\n\t\t\t\t<a href=\"https:\/\/agro-hit.pl\/de\/produkt\/beczka-kwadratowa-zamykana-obejma-z-raczkami-100l\/\" class=\"wc-block-grid__product-link\">\n\t\t\t\t\t\n\t\t\t\t\t<div class=\"wc-block-grid__product-image\"><img loading=\"lazy\" decoding=\"async\" width=\"300\" height=\"300\" src=\"https:\/\/agro-hit.pl\/wp-content\/uploads\/2026\/03\/beczka_100_bia_nie_1-300x300.webp\" class=\"attachment-woocommerce_thumbnail size-woocommerce_thumbnail\" alt=\"Beczka kwadratowa, zamykana obejm\u0105 z r\u0105czkami 100l\" srcset=\"https:\/\/agro-hit.pl\/wp-content\/uploads\/2026\/03\/beczka_100_bia_nie_1-300x300.webp 300w, https:\/\/agro-hit.pl\/wp-content\/uploads\/2026\/03\/beczka_100_bia_nie_1-1024x1024.webp 1024w, https:\/\/agro-hit.pl\/wp-content\/uploads\/2026\/03\/beczka_100_bia_nie_1-150x150.webp 150w, https:\/\/agro-hit.pl\/wp-content\/uploads\/2026\/03\/beczka_100_bia_nie_1-768x768.webp 768w, https:\/\/agro-hit.pl\/wp-content\/uploads\/2026\/03\/beczka_100_bia_nie_1-1536x1536.webp 1536w, https:\/\/agro-hit.pl\/wp-content\/uploads\/2026\/03\/beczka_100_bia_nie_1-2048x2048.webp 2048w, https:\/\/agro-hit.pl\/wp-content\/uploads\/2026\/03\/beczka_100_bia_nie_1-12x12.webp 12w, https:\/\/agro-hit.pl\/wp-content\/uploads\/2026\/03\/beczka_100_bia_nie_1-600x600.webp 600w, https:\/\/agro-hit.pl\/wp-content\/uploads\/2026\/03\/beczka_100_bia_nie_1-100x100.webp 100w\" sizes=\"auto, (max-width: 300px) 100vw, 300px\" \/><\/div>\n\t\t\t\t\t<div class=\"wc-block-grid__product-title\">Beczka kwadratowa, zamykana obejm\u0105 z r\u0105czkami 100l<\/div>\n\t\t\t\t<\/a>\n\t\t\t\t<div class=\"wc-block-grid__product-price price\"><span class=\"woocommerce-Price-amount amount\" aria-hidden=\"true\">100,00&nbsp;<span class=\"woocommerce-Price-currencySymbol\">&#122;&#322;<\/span><\/span> <span aria-hidden=\"true\"> \u2013 <\/span> <span class=\"woocommerce-Price-amount amount\" aria-hidden=\"true\">109,00&nbsp;<span class=\"woocommerce-Price-currencySymbol\">&#122;&#322;<\/span><\/span><span class=\"screen-reader-text\" data-no-translation=\"\" data-trp-gettext=\"\">Preisspanne: 100,00&nbsp;&#122;&#322; bis 109,00&nbsp;&#122;&#322;<\/span><\/div>\n\t\t\t\t\n\t\t\t\t<div class=\"wp-block-button wc-block-grid__product-add-to-cart\"><a href=\"https:\/\/agro-hit.pl\/de\/produkt\/beczka-kwadratowa-zamykana-obejma-z-raczkami-100l\/\" aria-label=\"W\u00e4hle Optionen f\u00fcr \u201eBeczka kwadratowa, zamykana obejm\u0105 z r\u0105czkami 100l\u201c\" data-quantity=\"1\" data-product_id=\"3471\" data-product_sku=\"\" data-price=\"100\" rel=\"nofollow\" class=\"wp-block-button__link  add_to_cart_button\" data-no-translation=\"\" data-trp-gettext=\"\" data-no-translation-aria-label=\"\">Ausf\u00fchrung w\u00e4hlen<\/a><\/div>\n\t\t\t<\/li><li class=\"wc-block-grid__product\"><span class=\"gtm4wp_productdata\" style=\"display:none; visibility:hidden;\" data-gtm4wp_product_data=\"{&quot;internal_id&quot;:3245,&quot;item_id&quot;:3245,&quot;item_name&quot;:&quot;F&amp;R Agrow\\u0142\\u00f3knina ogrodowa \\\/ W\\u0142\\u00f3knina ochronna do przykrycia grz\\u0105dek warzywnych, 21g\\\/m\\u00b2 \\u2013 bia\\u0142a&quot;,&quot;sku&quot;:3245,&quot;price&quot;:24,&quot;stocklevel&quot;:null,&quot;stockstatus&quot;:&quot;instock&quot;,&quot;google_business_vertical&quot;:&quot;retail&quot;,&quot;item_category&quot;:&quot;agrow\\u0142\\u00f3knina wiosenna&quot;,&quot;id&quot;:3245,&quot;productlink&quot;:&quot;https:\\\/\\\/agro-hit.pl\\\/de\\\/produkt\\\/fr-agrowloknina-wiosenna-21g-m2-biala\\\/&quot;,&quot;item_list_name&quot;:&quot;General Product List&quot;,&quot;index&quot;:0,&quot;product_type&quot;:&quot;variable&quot;,&quot;item_brand&quot;:&quot;&quot;}\"><\/span>\n\t\t\t\t<a href=\"https:\/\/agro-hit.pl\/de\/produkt\/fr-agrowloknina-wiosenna-21g-m2-biala\/\" class=\"wc-block-grid__product-link\">\n\t\t\t\t\t\n\t\t\t\t\t<div class=\"wc-block-grid__product-image\"><img loading=\"lazy\" decoding=\"async\" width=\"300\" height=\"300\" src=\"https:\/\/agro-hit.pl\/wp-content\/uploads\/2026\/03\/packshot_agrowloknina_kostka_rolka_21-300x300.webp\" class=\"attachment-woocommerce_thumbnail size-woocommerce_thumbnail\" alt=\"F&amp;R Agrow\u0142\u00f3knina ogrodowa \/ W\u0142\u00f3knina ochronna do przykrycia grz\u0105dek warzywnych, 21g\/m\u00b2 \u2013 bia\u0142a\" srcset=\"https:\/\/agro-hit.pl\/wp-content\/uploads\/2026\/03\/packshot_agrowloknina_kostka_rolka_21-300x300.webp 300w, https:\/\/agro-hit.pl\/wp-content\/uploads\/2026\/03\/packshot_agrowloknina_kostka_rolka_21-1024x1024.webp 1024w, https:\/\/agro-hit.pl\/wp-content\/uploads\/2026\/03\/packshot_agrowloknina_kostka_rolka_21-150x150.webp 150w, https:\/\/agro-hit.pl\/wp-content\/uploads\/2026\/03\/packshot_agrowloknina_kostka_rolka_21-768x768.webp 768w, https:\/\/agro-hit.pl\/wp-content\/uploads\/2026\/03\/packshot_agrowloknina_kostka_rolka_21-1536x1536.webp 1536w, https:\/\/agro-hit.pl\/wp-content\/uploads\/2026\/03\/packshot_agrowloknina_kostka_rolka_21-2048x2048.webp 2048w, https:\/\/agro-hit.pl\/wp-content\/uploads\/2026\/03\/packshot_agrowloknina_kostka_rolka_21-12x12.webp 12w, https:\/\/agro-hit.pl\/wp-content\/uploads\/2026\/03\/packshot_agrowloknina_kostka_rolka_21-600x600.webp 600w, https:\/\/agro-hit.pl\/wp-content\/uploads\/2026\/03\/packshot_agrowloknina_kostka_rolka_21-100x100.webp 100w\" sizes=\"auto, (max-width: 300px) 100vw, 300px\" \/><\/div>\n\t\t\t\t\t<div class=\"wc-block-grid__product-title\">F&amp;R Agrow\u0142\u00f3knina ogrodowa \/ W\u0142\u00f3knina ochronna do przykrycia grz\u0105dek warzywnych, 21g\/m\u00b2 \u2013 bia\u0142a<\/div>\n\t\t\t\t<\/a>\n\t\t\t\t<div class=\"wc-block-grid__product-price price\"><span class=\"woocommerce-Price-amount amount\" aria-hidden=\"true\">24,00&nbsp;<span class=\"woocommerce-Price-currencySymbol\">&#122;&#322;<\/span><\/span> <span aria-hidden=\"true\"> \u2013 <\/span> <span class=\"woocommerce-Price-amount amount\" aria-hidden=\"true\">174,00&nbsp;<span class=\"woocommerce-Price-currencySymbol\">&#122;&#322;<\/span><\/span><span class=\"screen-reader-text\" data-no-translation=\"\" data-trp-gettext=\"\">Preisspanne: 24,00&nbsp;&#122;&#322; bis 174,00&nbsp;&#122;&#322;<\/span><\/div>\n\t\t\t\t\n\t\t\t\t<div class=\"wp-block-button wc-block-grid__product-add-to-cart\"><a href=\"https:\/\/agro-hit.pl\/de\/produkt\/fr-agrowloknina-wiosenna-21g-m2-biala\/\" aria-label=\"W\u00e4hle Optionen f\u00fcr \u201eF&amp;R Agrow\u0142\u00f3knina ogrodowa \/ W\u0142\u00f3knina ochronna do przykrycia grz\u0105dek warzywnych, 21g\/m\u00b2 \u2013 bia\u0142a\u201c\" data-quantity=\"1\" data-product_id=\"3245\" data-product_sku=\"\" data-price=\"24\" rel=\"nofollow\" class=\"wp-block-button__link  add_to_cart_button\" data-no-translation=\"\" data-trp-gettext=\"\" data-no-translation-aria-label=\"\">Ausf\u00fchrung w\u00e4hlen<\/a><\/div>\n\t\t\t<\/li><li class=\"wc-block-grid__product\"><span class=\"gtm4wp_productdata\" style=\"display:none; visibility:hidden;\" data-gtm4wp_product_data=\"{&quot;internal_id&quot;:3244,&quot;item_id&quot;:3244,&quot;item_name&quot;:&quot;F&amp;R Agrow\\u0142\\u00f3knina ogrodowa wiosenna 17g\\\/m\\u00b2 Kolor bia\\u0142y&quot;,&quot;sku&quot;:3244,&quot;price&quot;:15,&quot;stocklevel&quot;:null,&quot;stockstatus&quot;:&quot;instock&quot;,&quot;google_business_vertical&quot;:&quot;retail&quot;,&quot;item_category&quot;:&quot;agrow\\u0142\\u00f3knina wiosenna&quot;,&quot;id&quot;:3244,&quot;productlink&quot;:&quot;https:\\\/\\\/agro-hit.pl\\\/de\\\/produkt\\\/fr-agrowloknina-wiosenna-17g-m2-kolor-bialy\\\/&quot;,&quot;item_list_name&quot;:&quot;General Product List&quot;,&quot;index&quot;:0,&quot;product_type&quot;:&quot;variable&quot;,&quot;item_brand&quot;:&quot;&quot;}\"><\/span>\n\t\t\t\t<a href=\"https:\/\/agro-hit.pl\/de\/produkt\/fr-agrowloknina-wiosenna-17g-m2-kolor-bialy\/\" class=\"wc-block-grid__product-link\">\n\t\t\t\t\t\n\t\t\t\t\t<div class=\"wc-block-grid__product-image\"><img loading=\"lazy\" decoding=\"async\" width=\"300\" height=\"300\" src=\"https:\/\/agro-hit.pl\/wp-content\/uploads\/2026\/03\/packshot_agrowloknina_kostka_rolka_17-300x300.webp\" class=\"attachment-woocommerce_thumbnail size-woocommerce_thumbnail\" alt=\"F&amp;R Agrow\u0142\u00f3knina ogrodowa wiosenna 17g\/m\u00b2 Kolor bia\u0142y\" srcset=\"https:\/\/agro-hit.pl\/wp-content\/uploads\/2026\/03\/packshot_agrowloknina_kostka_rolka_17-300x300.webp 300w, https:\/\/agro-hit.pl\/wp-content\/uploads\/2026\/03\/packshot_agrowloknina_kostka_rolka_17-1024x1024.webp 1024w, https:\/\/agro-hit.pl\/wp-content\/uploads\/2026\/03\/packshot_agrowloknina_kostka_rolka_17-150x150.webp 150w, https:\/\/agro-hit.pl\/wp-content\/uploads\/2026\/03\/packshot_agrowloknina_kostka_rolka_17-768x768.webp 768w, https:\/\/agro-hit.pl\/wp-content\/uploads\/2026\/03\/packshot_agrowloknina_kostka_rolka_17-1536x1536.webp 1536w, https:\/\/agro-hit.pl\/wp-content\/uploads\/2026\/03\/packshot_agrowloknina_kostka_rolka_17-2048x2048.webp 2048w, https:\/\/agro-hit.pl\/wp-content\/uploads\/2026\/03\/packshot_agrowloknina_kostka_rolka_17-12x12.webp 12w, https:\/\/agro-hit.pl\/wp-content\/uploads\/2026\/03\/packshot_agrowloknina_kostka_rolka_17-600x600.webp 600w, https:\/\/agro-hit.pl\/wp-content\/uploads\/2026\/03\/packshot_agrowloknina_kostka_rolka_17-100x100.webp 100w\" sizes=\"auto, (max-width: 300px) 100vw, 300px\" \/><\/div>\n\t\t\t\t\t<div class=\"wc-block-grid__product-title\">F&amp;R Agrow\u0142\u00f3knina ogrodowa wiosenna 17g\/m\u00b2 Kolor bia\u0142y<\/div>\n\t\t\t\t<\/a>\n\t\t\t\t<div class=\"wc-block-grid__product-price price\"><span class=\"woocommerce-Price-amount amount\" aria-hidden=\"true\">15,00&nbsp;<span class=\"woocommerce-Price-currencySymbol\">&#122;&#322;<\/span><\/span> <span aria-hidden=\"true\"> \u2013 <\/span> <span class=\"woocommerce-Price-amount amount\" aria-hidden=\"true\">115,00&nbsp;<span class=\"woocommerce-Price-currencySymbol\">&#122;&#322;<\/span><\/span><span class=\"screen-reader-text\" data-no-translation=\"\" data-trp-gettext=\"\">Preisspanne: 15,00&nbsp;&#122;&#322; bis 115,00&nbsp;&#122;&#322;<\/span><\/div>\n\t\t\t\t\n\t\t\t\t<div class=\"wp-block-button wc-block-grid__product-add-to-cart\"><a href=\"https:\/\/agro-hit.pl\/de\/produkt\/fr-agrowloknina-wiosenna-17g-m2-kolor-bialy\/\" aria-label=\"W\u00e4hle Optionen f\u00fcr \u201eF&amp;R Agrow\u0142\u00f3knina ogrodowa wiosenna 17g\/m\u00b2 Kolor bia\u0142y\u201c\" data-quantity=\"1\" data-product_id=\"3244\" data-product_sku=\"\" data-price=\"15\" rel=\"nofollow\" class=\"wp-block-button__link  add_to_cart_button\" data-no-translation=\"\" data-trp-gettext=\"\" data-no-translation-aria-label=\"\">Ausf\u00fchrung w\u00e4hlen<\/a><\/div>\n\t\t\t<\/li><li class=\"wc-block-grid__product\"><span class=\"gtm4wp_productdata\" style=\"display:none; visibility:hidden;\" data-gtm4wp_product_data=\"{&quot;internal_id&quot;:3090,&quot;item_id&quot;:3090,&quot;item_name&quot;:&quot;Siatka cieniuj\\u0105ca F&amp;R - 90% zaciemnienia - 150 gr\\\/m2&quot;,&quot;sku&quot;:3090,&quot;price&quot;:35,&quot;stocklevel&quot;:null,&quot;stockstatus&quot;:&quot;instock&quot;,&quot;google_business_vertical&quot;:&quot;retail&quot;,&quot;item_category&quot;:&quot;siatki cieniuj\\u0105ce na ogrodzenia&quot;,&quot;id&quot;:3090,&quot;productlink&quot;:&quot;https:\\\/\\\/agro-hit.pl\\\/de\\\/produkt\\\/siatka-cieniujaca-fr-90-zaciemnienia-150-gr-m2\\\/&quot;,&quot;item_list_name&quot;:&quot;General Product List&quot;,&quot;index&quot;:0,&quot;product_type&quot;:&quot;variable&quot;,&quot;item_brand&quot;:&quot;&quot;}\"><\/span>\n\t\t\t\t<a href=\"https:\/\/agro-hit.pl\/de\/produkt\/siatka-cieniujaca-fr-90-zaciemnienia-150-gr-m2\/\" class=\"wc-block-grid__product-link\">\n\t\t\t\t\t\n\t\t\t\t\t<div class=\"wc-block-grid__product-image\"><img loading=\"lazy\" decoding=\"async\" width=\"300\" height=\"300\" src=\"https:\/\/agro-hit.pl\/wp-content\/uploads\/2026\/03\/packschot_siatki_perspektywa_pl-300x300.webp\" class=\"attachment-woocommerce_thumbnail size-woocommerce_thumbnail\" alt=\"Siatka cieniuj\u0105ca F&amp;R - 90% zaciemnienia - 150 gr\/m2\" srcset=\"https:\/\/agro-hit.pl\/wp-content\/uploads\/2026\/03\/packschot_siatki_perspektywa_pl-300x300.webp 300w, https:\/\/agro-hit.pl\/wp-content\/uploads\/2026\/03\/packschot_siatki_perspektywa_pl-1024x1024.webp 1024w, https:\/\/agro-hit.pl\/wp-content\/uploads\/2026\/03\/packschot_siatki_perspektywa_pl-150x150.webp 150w, https:\/\/agro-hit.pl\/wp-content\/uploads\/2026\/03\/packschot_siatki_perspektywa_pl-768x768.webp 768w, https:\/\/agro-hit.pl\/wp-content\/uploads\/2026\/03\/packschot_siatki_perspektywa_pl-1536x1536.webp 1536w, https:\/\/agro-hit.pl\/wp-content\/uploads\/2026\/03\/packschot_siatki_perspektywa_pl-2048x2048.webp 2048w, https:\/\/agro-hit.pl\/wp-content\/uploads\/2026\/03\/packschot_siatki_perspektywa_pl-12x12.webp 12w, https:\/\/agro-hit.pl\/wp-content\/uploads\/2026\/03\/packschot_siatki_perspektywa_pl-600x600.webp 600w, https:\/\/agro-hit.pl\/wp-content\/uploads\/2026\/03\/packschot_siatki_perspektywa_pl-100x100.webp 100w\" sizes=\"auto, (max-width: 300px) 100vw, 300px\" \/><\/div>\n\t\t\t\t\t<div class=\"wc-block-grid__product-title\">Siatka cieniuj\u0105ca F&amp;R &#8211; 90% zaciemnienia &#8211; 150 gr\/m2<\/div>\n\t\t\t\t<\/a>\n\t\t\t\t<div class=\"wc-block-grid__product-price price\"><span class=\"woocommerce-Price-amount amount\" aria-hidden=\"true\">35,00&nbsp;<span class=\"woocommerce-Price-currencySymbol\">&#122;&#322;<\/span><\/span> <span aria-hidden=\"true\"> \u2013 <\/span> <span class=\"woocommerce-Price-amount amount\" aria-hidden=\"true\">280,00&nbsp;<span class=\"woocommerce-Price-currencySymbol\">&#122;&#322;<\/span><\/span><span class=\"screen-reader-text\" data-no-translation=\"\" data-trp-gettext=\"\">Preisspanne: 35,00&nbsp;&#122;&#322; bis 280,00&nbsp;&#122;&#322;<\/span><\/div>\n\t\t\t\t\n\t\t\t\t<div class=\"wp-block-button wc-block-grid__product-add-to-cart\"><a href=\"https:\/\/agro-hit.pl\/de\/produkt\/siatka-cieniujaca-fr-90-zaciemnienia-150-gr-m2\/\" aria-label=\"W\u00e4hle Optionen f\u00fcr \u201eSiatka cieniuj\u0105ca F&amp;R - 90% zaciemnienia - 150 gr\/m2\u201c\" data-quantity=\"1\" data-product_id=\"3090\" data-product_sku=\"\" data-price=\"35\" rel=\"nofollow\" class=\"wp-block-button__link  add_to_cart_button\" data-no-translation=\"\" data-trp-gettext=\"\" data-no-translation-aria-label=\"\">Ausf\u00fchrung w\u00e4hlen<\/a><\/div>\n\t\t\t<\/li><\/ul><\/div><\/div>\n<\/div>","protected":false},"excerpt":{"rendered":"","protected":false},"author":12,"featured_media":0,"parent":0,"menu_order":0,"comment_status":"closed","ping_status":"closed","template":"","meta":{"footnotes":""},"class_list":["post-3351","page","type-page","status-publish","hentry"],"_links":{"self":[{"href":"https:\/\/agro-hit.pl\/de\/wp-json\/wp\/v2\/pages\/3351","targetHints":{"allow":["GET"]}}],"collection":[{"href":"https:\/\/agro-hit.pl\/de\/wp-json\/wp\/v2\/pages"}],"about":[{"href":"https:\/\/agro-hit.pl\/de\/wp-json\/wp\/v2\/types\/page"}],"author":[{"embeddable":true,"href":"https:\/\/agro-hit.pl\/de\/wp-json\/wp\/v2\/users\/12"}],"replies":[{"embeddable":true,"href":"https:\/\/agro-hit.pl\/de\/wp-json\/wp\/v2\/comments?post=3351"}],"version-history":[{"count":8,"href":"https:\/\/agro-hit.pl\/de\/wp-json\/wp\/v2\/pages\/3351\/revisions"}],"predecessor-version":[{"id":3417,"href":"https:\/\/agro-hit.pl\/de\/wp-json\/wp\/v2\/pages\/3351\/revisions\/3417"}],"wp:attachment":[{"href":"https:\/\/agro-hit.pl\/de\/wp-json\/wp\/v2\/media?parent=3351"}],"curies":[{"name":"wp","href":"https:\/\/api.w.org\/{rel}","templated":true}]}}