{"id":2,"date":"2024-11-27T14:05:32","date_gmt":"2024-11-27T13:05:32","guid":{"rendered":"https:\/\/sklep3.vebi.pro\/?page_id=2"},"modified":"2026-03-17T11:17:55","modified_gmt":"2026-03-17T10:17:55","slug":"przykladowa-strona","status":"publish","type":"page","link":"https:\/\/agro-hit.pl\/de\/przykladowa-strona\/","title":{"rendered":"Strona g\u0142\u00f3wna Old"},"content":{"rendered":"<h2>Tw\u00f3j dom, Tw\u00f3j ogr\u00f3d<\/h2>\n<p>Pi\u0119kno, porz\u0105dek i ziele\u0144 \u2013 zadbaj o swoj\u0105 przestrze\u0144 ka\u017cdego dnia.<\/p>\n<p>\t\t\t\t\t<a role=\"button\"><br \/>\n\t\t\t\t\t\t\t\t\tZobacz sklep<br \/>\n\t\t\t\t\t<\/a><br \/>\n\t\t\t\t\t\t\t\t\t\t\t\t\t\t\t<img loading=\"lazy\" decoding=\"async\" width=\"1000\" height=\"455\" src=\"https:\/\/agro-hit.pl\/wp-content\/uploads\/2025\/06\/Ogrod2.png\" alt=\"\" srcset=\"https:\/\/agro-hit.pl\/wp-content\/uploads\/2025\/06\/Ogrod2.png 1000w, https:\/\/agro-hit.pl\/wp-content\/uploads\/2025\/06\/Ogrod2-300x137.png 300w, https:\/\/agro-hit.pl\/wp-content\/uploads\/2025\/06\/Ogrod2-768x349.png 768w, https:\/\/agro-hit.pl\/wp-content\/uploads\/2025\/06\/Ogrod2-18x8.png 18w, https:\/\/agro-hit.pl\/wp-content\/uploads\/2025\/06\/Ogrod2-600x273.png 600w\" sizes=\"auto, (max-width: 1000px) 100vw, 1000px\" \/><br \/>\n\t\t\t\t\t\t\t\t\t\t\t\t\t\t\t<img loading=\"lazy\" decoding=\"async\" width=\"1000\" height=\"803\" src=\"https:\/\/agro-hit.pl\/wp-content\/uploads\/2025\/06\/Ogrod6.png\" alt=\"\" srcset=\"https:\/\/agro-hit.pl\/wp-content\/uploads\/2025\/06\/Ogrod6.png 1000w, https:\/\/agro-hit.pl\/wp-content\/uploads\/2025\/06\/Ogrod6-300x241.png 300w, https:\/\/agro-hit.pl\/wp-content\/uploads\/2025\/06\/Ogrod6-768x617.png 768w, https:\/\/agro-hit.pl\/wp-content\/uploads\/2025\/06\/Ogrod6-15x12.png 15w, https:\/\/agro-hit.pl\/wp-content\/uploads\/2025\/06\/Ogrod6-600x482.png 600w\" sizes=\"auto, (max-width: 1000px) 100vw, 1000px\" \/>\t\t\t\t\t\t\t\t\t\t\t\t\t\t\t<\/p>\n<h2>Praktyczne<\/h2>\n<h3>Dla uprawy<\/h3>\n<p>\t\t\t\t\t<a role=\"button\"><br \/>\n\t\t\t\t\t\t\t\t\tZobacz sklep<br \/>\n\t\t\t\t\t<\/a><br \/>\n\t\t\t\t\t\t\t\t\t\t\t\t\t\t\t<img loading=\"lazy\" decoding=\"async\" width=\"689\" height=\"1000\" src=\"https:\/\/agro-hit.pl\/wp-content\/uploads\/2025\/06\/praktyczne.png\" alt=\"\" srcset=\"https:\/\/agro-hit.pl\/wp-content\/uploads\/2025\/06\/praktyczne.png 689w, https:\/\/agro-hit.pl\/wp-content\/uploads\/2025\/06\/praktyczne-207x300.png 207w, https:\/\/agro-hit.pl\/wp-content\/uploads\/2025\/06\/praktyczne-8x12.png 8w, https:\/\/agro-hit.pl\/wp-content\/uploads\/2025\/06\/praktyczne-600x871.png 600w\" sizes=\"auto, (max-width: 689px) 100vw, 689px\" \/>\t\t\t\t\t\t\t\t\t\t\t\t\t\t\t<\/p>\n<h2>Artyku\u0142y<\/h2>\n<h3>Dla Zierz\u0105t<\/h3>\n<p>\t\t\t\t\t<a role=\"button\"><br \/>\n\t\t\t\t\t\t\t\t\tZobacz sklep<br \/>\n\t\t\t\t\t<\/a><br \/>\n\t\t\t\t\t\t\t\t\t\t\t\t\t\t\t<img loading=\"lazy\" decoding=\"async\" width=\"625\" height=\"1000\" src=\"https:\/\/agro-hit.pl\/wp-content\/uploads\/2025\/06\/golebie.png\" alt=\"\" srcset=\"https:\/\/agro-hit.pl\/wp-content\/uploads\/2025\/06\/golebie.png 625w, https:\/\/agro-hit.pl\/wp-content\/uploads\/2025\/06\/golebie-188x300.png 188w, https:\/\/agro-hit.pl\/wp-content\/uploads\/2025\/06\/golebie-8x12.png 8w, https:\/\/agro-hit.pl\/wp-content\/uploads\/2025\/06\/golebie-600x960.png 600w\" sizes=\"auto, (max-width: 625px) 100vw, 625px\" \/>\t\t\t\t\t\t\t\t\t\t\t\t\t\t\t<\/p>\n<h2>Zr\u00f3b to sam<\/h2>\n<h3>Majsterkowanie<\/h3>\n<p>\t\t\t\t\t<a role=\"button\"><br \/>\n\t\t\t\t\t\t\t\t\tZobacz sklep<br \/>\n\t\t\t\t\t<\/a><br \/>\n\t\t\t\t\t\t\t\t\t\t\t\t\t\t\t<img loading=\"lazy\" decoding=\"async\" width=\"512\" height=\"512\" src=\"https:\/\/agro-hit.pl\/wp-content\/uploads\/2025\/06\/majsterkowanie1.png\" alt=\"\" srcset=\"https:\/\/agro-hit.pl\/wp-content\/uploads\/2025\/06\/majsterkowanie1.png 512w, https:\/\/agro-hit.pl\/wp-content\/uploads\/2025\/06\/majsterkowanie1-300x300.png 300w, https:\/\/agro-hit.pl\/wp-content\/uploads\/2025\/06\/majsterkowanie1-150x150.png 150w, https:\/\/agro-hit.pl\/wp-content\/uploads\/2025\/06\/majsterkowanie1-12x12.png 12w, https:\/\/agro-hit.pl\/wp-content\/uploads\/2025\/06\/majsterkowanie1-100x100.png 100w\" sizes=\"auto, (max-width: 512px) 100vw, 512px\" \/>\t\t\t\t\t\t\t\t\t\t\t\t\t\t\t<\/p>\n<h2>Najnowsze prodykty<\/h2>\n<p>Najlepsza oferta<\/p>\n<h2>Bestsellery<\/h2>\n<p>\t\t\t\t\t<a role=\"button\"><br \/>\n\t\t\t\t\t\t\t\t\tZobacz sklep<br \/>\n\t\t\t\t\t<\/a><\/p>\n<p>\u0141ap okazje<\/p>\n<h2>Wyprzeda\u017c<\/h2>\n<p>\t\t\t\t\t<a role=\"button\"><br \/>\n\t\t\t\t\t\t\t\t\tZobacz sklep<br \/>\n\t\t\t\t\t<\/a><\/p>\n<h2>Polecane produkty<\/h2>\n<p>Beczki i pojemniki<\/p>\n<p>\t\t\t\t\t\t\t\t\t\t\t\t\t\t\t<img loading=\"lazy\" decoding=\"async\" width=\"791\" height=\"1000\" src=\"https:\/\/agro-hit.pl\/wp-content\/uploads\/2025\/06\/beczki-i-pojemniki.png\" alt=\"\" srcset=\"https:\/\/agro-hit.pl\/wp-content\/uploads\/2025\/06\/beczki-i-pojemniki.png 791w, https:\/\/agro-hit.pl\/wp-content\/uploads\/2025\/06\/beczki-i-pojemniki-237x300.png 237w, https:\/\/agro-hit.pl\/wp-content\/uploads\/2025\/06\/beczki-i-pojemniki-768x971.png 768w, https:\/\/agro-hit.pl\/wp-content\/uploads\/2025\/06\/beczki-i-pojemniki-9x12.png 9w, https:\/\/agro-hit.pl\/wp-content\/uploads\/2025\/06\/beczki-i-pojemniki-600x759.png 600w\" sizes=\"auto, (max-width: 791px) 100vw, 791px\" \/>\t\t\t\t\t\t\t\t\t\t\t\t\t\t\t<\/p>\n<p>Wytrzyma\u0142o\u015b\u0107, kt\u00f3r\u0105 mo\u017cesz mierzy\u0107 w litrach<\/p>\n<p>\t\t\t\t\t<a role=\"button\"><br \/>\n\t\t\t\t\t\t\t\t\tZobacz sklep<br \/>\n\t\t\t\t\t<\/a><\/p>\n<p>Gotowanie<br \/>i Przechowywanie<\/p>\n<p>\t\t\t\t\t\t\t\t\t\t\t\t\t\t\t<img loading=\"lazy\" decoding=\"async\" width=\"512\" height=\"512\" src=\"https:\/\/agro-hit.pl\/wp-content\/uploads\/2025\/06\/gotowanie1.png\" alt=\"\" srcset=\"https:\/\/agro-hit.pl\/wp-content\/uploads\/2025\/06\/gotowanie1.png 512w, https:\/\/agro-hit.pl\/wp-content\/uploads\/2025\/06\/gotowanie1-300x300.png 300w, https:\/\/agro-hit.pl\/wp-content\/uploads\/2025\/06\/gotowanie1-150x150.png 150w, https:\/\/agro-hit.pl\/wp-content\/uploads\/2025\/06\/gotowanie1-12x12.png 12w, https:\/\/agro-hit.pl\/wp-content\/uploads\/2025\/06\/gotowanie1-100x100.png 100w\" sizes=\"auto, (max-width: 512px) 100vw, 512px\" \/>\t\t\t\t\t\t\t\t\t\t\t\t\t\t\t<\/p>\n<p>Smacznie i z pasj\u0105<\/p>\n<p>\t\t\t\t\t<a role=\"button\"><br \/>\n\t\t\t\t\t\t\t\t\tZobacz sklep<br \/>\n\t\t\t\t\t<\/a><\/p>\n<p>Motoryzacja<\/p>\n<p>\t\t\t\t\t\t\t\t\t\t\t\t\t\t\t<img loading=\"lazy\" decoding=\"async\" width=\"512\" height=\"512\" src=\"https:\/\/agro-hit.pl\/wp-content\/uploads\/2025\/06\/motoryzacja.png\" alt=\"\" srcset=\"https:\/\/agro-hit.pl\/wp-content\/uploads\/2025\/06\/motoryzacja.png 512w, https:\/\/agro-hit.pl\/wp-content\/uploads\/2025\/06\/motoryzacja-300x300.png 300w, https:\/\/agro-hit.pl\/wp-content\/uploads\/2025\/06\/motoryzacja-150x150.png 150w, https:\/\/agro-hit.pl\/wp-content\/uploads\/2025\/06\/motoryzacja-12x12.png 12w, https:\/\/agro-hit.pl\/wp-content\/uploads\/2025\/06\/motoryzacja-100x100.png 100w\" sizes=\"auto, (max-width: 512px) 100vw, 512px\" \/>\t\t\t\t\t\t\t\t\t\t\t\t\t\t\t<\/p>\n<p>Wszystko dla Twojego pojazdu<\/p>\n<p>\t\t\t\t\t<a role=\"button\"><br \/>\n\t\t\t\t\t\t\t\t\tZobacz sklep<br \/>\n\t\t\t\t\t<\/a><\/p>\n<h3>\n\t\t\t\t\t\t\tBezp\u0142atna dostawa<br \/>\n\t\t\t\t\t<\/h3>\n<p>\n\t\t\t\t\t\tJu\u017c od 399 z\u0142\t\t\t\t\t<\/p>\n<h3>\n\t\t\t\t\t\t\tSzybkie p\u0142atno\u015bci<br \/>\n\t\t\t\t\t<\/h3>\n<p>\n\t\t\t\t\t\tP\u0142a\u0107 wygodnie z BLIK!\t\t\t\t\t<\/p>\n<h3>\n\t\t\t\t\t\t\tZwrot p\u0142atno\u015bci<br \/>\n\t\t\t\t\t<\/h3>\n<p>\n\t\t\t\t\t\t14 dni na zwrot\t\t\t\t\t<\/p>\n<h3>\n\t\t\t\t\t\t\tKonsultacja<br \/>\n\t\t\t\t\t<\/h3>\n<p>\n\t\t\t\t\t\tJeste\u015bmy dla Ciebie!\t\t\t\t\t<\/p>","protected":false},"excerpt":{"rendered":"<p>Tw\u00f3j dom, Tw\u00f3j ogr\u00f3d Pi\u0119kno, porz\u0105dek i ziele\u0144 \u2013 zadbaj o swoj\u0105 przestrze\u0144 ka\u017cdego dnia. Zobacz sklep Praktyczne Dla uprawy Zobacz sklep Artyku\u0142y Dla Zierz\u0105t Zobacz sklep Zr\u00f3b to sam Majsterkowanie Zobacz sklep Najnowsze prodykty Najlepsza oferta Bestsellery Zobacz sklep \u0141ap okazje Wyprzeda\u017c Zobacz sklep Polecane produkty Beczki i pojemniki Wytrzyma\u0142o\u015b\u0107, kt\u00f3r\u0105 mo\u017cesz mierzy\u0107 w [&hellip;]<\/p>\n","protected":false},"author":12,"featured_media":0,"parent":0,"menu_order":0,"comment_status":"closed","ping_status":"closed","template":"","meta":{"footnotes":""},"class_list":["post-2","page","type-page","status-publish","hentry"],"_links":{"self":[{"href":"https:\/\/agro-hit.pl\/de\/wp-json\/wp\/v2\/pages\/2","targetHints":{"allow":["GET"]}}],"collection":[{"href":"https:\/\/agro-hit.pl\/de\/wp-json\/wp\/v2\/pages"}],"about":[{"href":"https:\/\/agro-hit.pl\/de\/wp-json\/wp\/v2\/types\/page"}],"author":[{"embeddable":true,"href":"https:\/\/agro-hit.pl\/de\/wp-json\/wp\/v2\/users\/12"}],"replies":[{"embeddable":true,"href":"https:\/\/agro-hit.pl\/de\/wp-json\/wp\/v2\/comments?post=2"}],"version-history":[{"count":92,"href":"https:\/\/agro-hit.pl\/de\/wp-json\/wp\/v2\/pages\/2\/revisions"}],"predecessor-version":[{"id":3336,"href":"https:\/\/agro-hit.pl\/de\/wp-json\/wp\/v2\/pages\/2\/revisions\/3336"}],"wp:attachment":[{"href":"https:\/\/agro-hit.pl\/de\/wp-json\/wp\/v2\/media?parent=2"}],"curies":[{"name":"wp","href":"https:\/\/api.w.org\/{rel}","templated":true}]}}