{"id":1291,"date":"2024-12-03T12:58:56","date_gmt":"2024-12-03T11:58:56","guid":{"rendered":"https:\/\/sklep3.vebi.pro\/?page_id=1291"},"modified":"2026-03-17T11:37:58","modified_gmt":"2026-03-17T10:37:58","slug":"kontakt-old","status":"publish","type":"page","link":"https:\/\/agro-hit.pl\/de\/kontakt-old\/","title":{"rendered":"Kontakt OLD"},"content":{"rendered":"<p><iframe loading=\"lazy\"\n\t\t\t\t\tsrc=\"https:\/\/maps.google.com\/maps?q=ul.%20Prosta%207a%2C%2066-470%20Kostrzyn%20nad%20Odr%C4%85&#038;t=m&#038;z=12&#038;output=embed&#038;iwloc=near\"\n\t\t\t\t\ttitle=\"ul. Prosta 7a, 66-470 Kostrzyn nad Odr\u0105\"\n\t\t\t\t\taria-label=\"ul. Prosta 7a, 66-470 Kostrzyn nad Odr\u0105\"\n\t\t\t><\/iframe><\/p>\n<h2>Szybki kontakt<\/h2>\n<p>Wykorzystaj poni\u017csze dane, aby do nas zadzwoni\u0107 lub odwiedzi\u0107 punkt sprzeda\u017cy.<\/p>\n<h5>\n\t\t\t\t\t\t\tAGROHIT Sp. z o.o.<br \/>\n\t\t\t\t\t<\/h5>\n<p>\n\t\t\t\t\t\tul. Prosta 7a, 66-470 Kostrzyn nad Odr\u0105\t\t\t\t\t<\/p>\n<h5>\n\t\t\t\t\t\t\tE-mail<br \/>\n\t\t\t\t\t<\/h5>\n<p>\n\t\t\t\t\t\tsklep@agro-hit.pl\t\t\t\t\t<\/p>\n<h5>\n\t\t\t\t\t\t\tTelefon<br \/>\n\t\t\t\t\t<\/h5>\n<p>\n\t\t\t\t\t\t+48 535 299 619\t\t\t\t\t<\/p>\n<h2>Wy\u015blij e-mail<\/h2>\n<p>Je\u015bli nie mo\u017cesz obecnie do nas zadzwoni\u0107, napisz maila, a my postaramy si\u0119 odpowiedzie\u0107 najszybciej jak to mo\u017cliwe.<\/p>\n<h3>Obserwuj nas<\/h3>\n<p>\t\t\t\t\t<a target=\"_blank\"><br \/>\n\t\t\t\t\t\tFacebook-f<br \/>\n\t\t\t\t\t\t<svg viewbox=\"0 0 320 512\" xmlns=\"http:\/\/www.w3.org\/2000\/svg\"><path d=\"M279.14 288l14.22-92.66h-88.91v-60.13c0-25.35 12.42-50.06 52.24-50.06h40.42V6.26S260.43 0 225.36 0c-73.22 0-121.08 44.38-121.08 124.72v70.62H22.89V288h81.39v224h100.17V288z\"><\/path><\/svg>\t\t\t\t\t<\/a><br \/>\n\t\t\t\t\t<a target=\"_blank\"><br \/>\n\t\t\t\t\t\tInstagram<br \/>\n\t\t\t\t\t\t<svg viewbox=\"0 0 448 512\" xmlns=\"http:\/\/www.w3.org\/2000\/svg\"><path d=\"M224.1 141c-63.6 0-114.9 51.3-114.9 114.9s51.3 114.9 114.9 114.9S339 319.5 339 255.9 287.7 141 224.1 141zm0 189.6c-41.1 0-74.7-33.5-74.7-74.7s33.5-74.7 74.7-74.7 74.7 33.5 74.7 74.7-33.6 74.7-74.7 74.7zm146.4-194.3c0 14.9-12 26.8-26.8 26.8-14.9 0-26.8-12-26.8-26.8s12-26.8 26.8-26.8 26.8 12 26.8 26.8zm76.1 27.2c-1.7-35.9-9.9-67.7-36.2-93.9-26.2-26.2-58-34.4-93.9-36.2-37-2.1-147.9-2.1-184.9 0-35.8 1.7-67.6 9.9-93.9 36.1s-34.4 58-36.2 93.9c-2.1 37-2.1 147.9 0 184.9 1.7 35.9 9.9 67.7 36.2 93.9s58 34.4 93.9 36.2c37 2.1 147.9 2.1 184.9 0 35.9-1.7 67.7-9.9 93.9-36.2 26.2-26.2 34.4-58 36.2-93.9 2.1-37 2.1-147.8 0-184.8zM398.8 388c-7.8 19.6-22.9 34.7-42.6 42.6-29.5 11.7-99.5 9-132.1 9s-102.7 2.6-132.1-9c-19.6-7.8-34.7-22.9-42.6-42.6-11.7-29.5-9-99.5-9-132.1s-2.6-102.7 9-132.1c7.8-19.6 22.9-34.7 42.6-42.6 29.5-11.7 99.5-9 132.1-9s102.7-2.6 132.1 9c19.6 7.8 34.7 22.9 42.6 42.6 11.7 29.5 9 99.5 9 132.1s2.7 102.7-9 132.1z\"><\/path><\/svg>\t\t\t\t\t<\/a><\/p>","protected":false},"excerpt":{"rendered":"<p>Szybki kontakt Wykorzystaj poni\u017csze dane, aby do nas zadzwoni\u0107 lub odwiedzi\u0107 punkt sprzeda\u017cy. AGROHIT Sp. z o.o. ul. Prosta 7a, 66-470 Kostrzyn nad Odr\u0105 E-mail sklep@agro-hit.pl Telefon +48 535 299 619 Wy\u015blij e-mail Je\u015bli nie mo\u017cesz obecnie do nas zadzwoni\u0107, napisz maila, a my postaramy si\u0119 odpowiedzie\u0107 najszybciej jak to mo\u017cliwe. Obserwuj nas Facebook-f Instagram<\/p>","protected":false},"author":12,"featured_media":0,"parent":0,"menu_order":0,"comment_status":"closed","ping_status":"closed","template":"","meta":{"footnotes":""},"class_list":["post-1291","page","type-page","status-publish","hentry"],"_links":{"self":[{"href":"https:\/\/agro-hit.pl\/de\/wp-json\/wp\/v2\/pages\/1291","targetHints":{"allow":["GET"]}}],"collection":[{"href":"https:\/\/agro-hit.pl\/de\/wp-json\/wp\/v2\/pages"}],"about":[{"href":"https:\/\/agro-hit.pl\/de\/wp-json\/wp\/v2\/types\/page"}],"author":[{"embeddable":true,"href":"https:\/\/agro-hit.pl\/de\/wp-json\/wp\/v2\/users\/12"}],"replies":[{"embeddable":true,"href":"https:\/\/agro-hit.pl\/de\/wp-json\/wp\/v2\/comments?post=1291"}],"version-history":[{"count":25,"href":"https:\/\/agro-hit.pl\/de\/wp-json\/wp\/v2\/pages\/1291\/revisions"}],"predecessor-version":[{"id":3342,"href":"https:\/\/agro-hit.pl\/de\/wp-json\/wp\/v2\/pages\/1291\/revisions\/3342"}],"wp:attachment":[{"href":"https:\/\/agro-hit.pl\/de\/wp-json\/wp\/v2\/media?parent=1291"}],"curies":[{"name":"wp","href":"https:\/\/api.w.org\/{rel}","templated":true}]}}