{"id":11,"date":"2024-11-27T15:56:02","date_gmt":"2024-11-27T14:56:02","guid":{"rendered":"https:\/\/sklep3.vebi.pro\/?page_id=11"},"modified":"2026-03-17T11:39:54","modified_gmt":"2026-03-17T10:39:54","slug":"moje-konto-old","status":"publish","type":"page","link":"https:\/\/agro-hit.pl\/de\/moje-konto-old\/","title":{"rendered":"Moje konto OLD"},"content":{"rendered":"<h3>Moje konto<\/h3>\n<p>\t\t\t\t\t<a role=\"button\"><br \/>\n\t\t\t\t\t\t\t\t\tPowr\u00f3t do sklepu<br \/>\n\t\t\t\t\t<\/a><\/p>\n<nav aria-label=\"Strony konta\">\n<ul>\n<li>\n\t\t\t\t<a href=\"https:\/\/agro-hit.pl\/?page_id=11\" aria-current=\"page\"><br \/>\n\t\t\t\t\tPanel\t\t\t\t<\/a>\n\t\t\t<\/li>\n<li>\n\t\t\t\t<a href=\"https:\/\/agro-hit.pl\/?page_id=11&#038;orders\" ><br \/>\n\t\t\t\t\tZam\u00f3wienia\t\t\t\t<\/a>\n\t\t\t<\/li>\n<li>\n\t\t\t\t<a href=\"https:\/\/agro-hit.pl\/?page_id=11&#038;downloads\" ><br \/>\n\t\t\t\t\tPliki do pobrania\t\t\t\t<\/a>\n\t\t\t<\/li>\n<li>\n\t\t\t\t<a href=\"https:\/\/agro-hit.pl\/?page_id=11&#038;edit-address\" ><br \/>\n\t\t\t\t\tAdresy\t\t\t\t<\/a>\n\t\t\t<\/li>\n<li>\n\t\t\t\t<a href=\"https:\/\/agro-hit.pl\/?page_id=11&#038;edit-account\" ><br \/>\n\t\t\t\t\tSzczeg\u00f3\u0142y konta\t\t\t\t<\/a>\n\t\t\t<\/li>\n<li>\n\t\t\t\t<a href=\"https:\/\/agro-hit.pl\/?page_id=11&#038;customer-logout&#038;_wpnonce=c25aa66535\" ><br \/>\n\t\t\t\t\tWyloguj\t\t\t\t<\/a>\n\t\t\t<\/li>\n<\/ul>\n<\/nav>\n<p>\n\tWitaj <strong>biuro@vebi.pl<\/strong> (nie jeste\u015b <strong>biuro@vebi.pl<\/strong>? <a href=\"https:\/\/agro-hit.pl\/wp-login.php?action=logout&#038;redirect_to=http%3A%2F%2Fagro-hit.pl%2F%3Fpage_id%3D11%3Felementor_wc_logout%3Dtrue%26elementor_my_account_redirect%3Dhttp%3A%2F%2Fagro-hit.pl%2F%3Fpage_id%3D11&#038;_wpnonce=9e8391154b\">Wyloguj si\u0119<\/a>)<\/p>\n<p>\n\tW ustawieniach swojego konta mo\u017cesz przejrze\u0107 swoje <a href=\"https:\/\/agro-hit.pl\/?page_id=11&#038;orders\">ostatnie zam\u00f3wienia<\/a>, zarz\u0105dza\u0107 <a href=\"https:\/\/agro-hit.pl\/?page_id=11&#038;edit-address\">adresami p\u0142atno\u015bci i dostawy<\/a> oraz <a href=\"https:\/\/agro-hit.pl\/?page_id=11&#038;edit-account\">zmienia\u0107 has\u0142o i szczeg\u00f3\u0142y konta<\/a>.<\/p>","protected":false},"excerpt":{"rendered":"<p>Moje konto Powr\u00f3t do sklepu Panel Zam\u00f3wienia Pliki do pobrania Adresy Szczeg\u00f3\u0142y konta Wyloguj Witaj biuro@vebi.pl (nie jeste\u015b biuro@vebi.pl? Wyloguj si\u0119) W ustawieniach swojego konta mo\u017cesz przejrze\u0107 swoje ostatnie zam\u00f3wienia, zarz\u0105dza\u0107 adresami p\u0142atno\u015bci i dostawy oraz zmienia\u0107 has\u0142o i szczeg\u00f3\u0142y konta.<\/p>","protected":false},"author":12,"featured_media":0,"parent":0,"menu_order":0,"comment_status":"closed","ping_status":"closed","template":"","meta":{"footnotes":""},"class_list":["post-11","page","type-page","status-publish","hentry"],"_links":{"self":[{"href":"https:\/\/agro-hit.pl\/de\/wp-json\/wp\/v2\/pages\/11","targetHints":{"allow":["GET"]}}],"collection":[{"href":"https:\/\/agro-hit.pl\/de\/wp-json\/wp\/v2\/pages"}],"about":[{"href":"https:\/\/agro-hit.pl\/de\/wp-json\/wp\/v2\/types\/page"}],"author":[{"embeddable":true,"href":"https:\/\/agro-hit.pl\/de\/wp-json\/wp\/v2\/users\/12"}],"replies":[{"embeddable":true,"href":"https:\/\/agro-hit.pl\/de\/wp-json\/wp\/v2\/comments?post=11"}],"version-history":[{"count":1,"href":"https:\/\/agro-hit.pl\/de\/wp-json\/wp\/v2\/pages\/11\/revisions"}],"predecessor-version":[{"id":3345,"href":"https:\/\/agro-hit.pl\/de\/wp-json\/wp\/v2\/pages\/11\/revisions\/3345"}],"wp:attachment":[{"href":"https:\/\/agro-hit.pl\/de\/wp-json\/wp\/v2\/media?parent=11"}],"curies":[{"name":"wp","href":"https:\/\/api.w.org\/{rel}","templated":true}]}}