{"id":1096,"date":"2024-12-02T13:34:50","date_gmt":"2024-12-02T12:34:50","guid":{"rendered":"https:\/\/sklep3.vebi.pro\/?page_id=1096"},"modified":"2024-12-02T13:37:05","modified_gmt":"2024-12-02T12:37:05","slug":"jak-kupowac","status":"publish","type":"page","link":"https:\/\/agro-hit.pl\/de\/jak-kupowac\/","title":{"rendered":"Jak kupowa\u0107?"},"content":{"rendered":"<ol>\n<li>\n<p><strong>Znajd\u017a produkty:<\/strong>\u00a0Przegl\u0105daj stron\u0119 internetow\u0105 w poszukiwaniu produkt\u00f3w, kt\u00f3re chcesz kupi\u0107. U\u017cyj opcji wyszukiwania lub nawiguj po kategoriach produkt\u00f3w.<\/p>\n<\/li>\n<li>\n<p><strong>Dodaj do koszyka:<\/strong>\u00a0Kiedy znajdziesz produkt, kt\u00f3ry Ci\u0119 interesuje, kliknij przycisk \u201eDodaj do koszyka\u201d. Mo\u017cesz kontynuowa\u0107 zakupy i dodawa\u0107 wi\u0119cej produkt\u00f3w do koszyka.<\/p>\n<\/li>\n<li>\n<p><strong>Przejrzyj koszyk:<\/strong>\u00a0Kliknij na ikon\u0119 koszyka lub przycisk \u201ePrzejd\u017a do koszyka\u201d, aby przejrze\u0107 zawarto\u015b\u0107 koszyka. Sprawd\u017a, czy wszystkie produkty s\u0105 tam, gdzie powinny by\u0107, i upewnij si\u0119, \u017ce ilo\u015b\u0107 zam\u00f3wionych produkt\u00f3w jest w\u0142a\u015bciwa.<\/p>\n<\/li>\n<li>\n<p><strong>Zaloguj si\u0119 lub zarejestruj:<\/strong>\u00a0Je\u015bli masz ju\u017c konto w sklepie, zaloguj si\u0119. Je\u015bli jeste\u015b nowym klientem, b\u0119dziesz musia\u0142 si\u0119 zarejestrowa\u0107, podaj\u0105c swoje dane kontaktowe.<\/p>\n<\/li>\n<li>\n<p><strong>Wprowad\u017a dane dostawy:<\/strong>\u00a0Podaj dane dotycz\u0105ce dostawy, takie jak adres dostawy i dane kontaktowe. Upewnij si\u0119, \u017ce wprowadzasz poprawne informacje.<\/p>\n<\/li>\n<li>\n<p><strong>Wybierz spos\u00f3b dostawy:<\/strong>\u00a0Wybierz preferowany spos\u00f3b dostawy, na przyk\u0142ad kuriera lub dostaw\u0119 poczt\u0105.<\/p>\n<\/li>\n<li>\n<p><strong>Wybierz spos\u00f3b p\u0142atno\u015bci:<\/strong>\u00a0Wybierz preferowany spos\u00f3b p\u0142atno\u015bci, takie jak karta kredytowa, przelew bankowy, PayPal itp.<\/p>\n<\/li>\n<li>\n<p><strong>Z\u0142\u00f3\u017c zam\u00f3wienie:<\/strong>\u00a0Po zatwierdzeniu danych dostawy i p\u0142atno\u015bci, kliknij przycisk \u201eZ\u0142\u00f3\u017c zam\u00f3wienie\u201d lub podobny. To ostateczny krok w procesie zamawiania.<\/p>\n<\/li>\n<li>\n<p><strong>Potwierdzenie zam\u00f3wienia:<\/strong>\u00a0Po z\u0142o\u017ceniu zam\u00f3wienia otrzymasz potwierdzenie zam\u00f3wienia na ekranie oraz na podany adres e-mail. Przechowaj t\u0119 informacj\u0119 dla cel\u00f3w ewentualnych zwrot\u00f3w lub reklamacji.<\/p>\n<\/li>\n<li>\n<p><strong>Oczekuj na dostaw\u0119:<\/strong>\u00a0Teraz pozostaje Ci tylko czeka\u0107 na dostaw\u0119 zam\u00f3wionych produkt\u00f3w. Dostawca dostarczy je zgodnie z wybranym przez Ciebie terminem dostawy.<\/p>\n<\/li>\n<\/ol>","protected":false},"excerpt":{"rendered":"<p>Znajd\u017a produkty:\u00a0Przegl\u0105daj stron\u0119 internetow\u0105 w poszukiwaniu produkt\u00f3w, kt\u00f3re chcesz kupi\u0107. U\u017cyj opcji wyszukiwania lub nawiguj po kategoriach produkt\u00f3w. Dodaj do koszyka:\u00a0Kiedy znajdziesz produkt, kt\u00f3ry Ci\u0119 interesuje, kliknij przycisk \u201eDodaj do koszyka\u201d. Mo\u017cesz kontynuowa\u0107 zakupy i dodawa\u0107 wi\u0119cej produkt\u00f3w do koszyka. Przejrzyj koszyk:\u00a0Kliknij na ikon\u0119 koszyka lub przycisk \u201ePrzejd\u017a do koszyka\u201d, aby przejrze\u0107 zawarto\u015b\u0107 koszyka. Sprawd\u017a, [&hellip;]<\/p>\n","protected":false},"author":12,"featured_media":0,"parent":0,"menu_order":0,"comment_status":"closed","ping_status":"closed","template":"","meta":{"footnotes":""},"class_list":["post-1096","page","type-page","status-publish","hentry"],"_links":{"self":[{"href":"https:\/\/agro-hit.pl\/de\/wp-json\/wp\/v2\/pages\/1096","targetHints":{"allow":["GET"]}}],"collection":[{"href":"https:\/\/agro-hit.pl\/de\/wp-json\/wp\/v2\/pages"}],"about":[{"href":"https:\/\/agro-hit.pl\/de\/wp-json\/wp\/v2\/types\/page"}],"author":[{"embeddable":true,"href":"https:\/\/agro-hit.pl\/de\/wp-json\/wp\/v2\/users\/12"}],"replies":[{"embeddable":true,"href":"https:\/\/agro-hit.pl\/de\/wp-json\/wp\/v2\/comments?post=1096"}],"version-history":[{"count":0,"href":"https:\/\/agro-hit.pl\/de\/wp-json\/wp\/v2\/pages\/1096\/revisions"}],"wp:attachment":[{"href":"https:\/\/agro-hit.pl\/de\/wp-json\/wp\/v2\/media?parent=1096"}],"curies":[{"name":"wp","href":"https:\/\/api.w.org\/{rel}","templated":true}]}}