{"id":1089,"date":"2024-12-02T13:31:17","date_gmt":"2024-12-02T12:31:17","guid":{"rendered":"https:\/\/sklep3.vebi.pro\/?page_id=1089"},"modified":"2025-06-05T09:02:20","modified_gmt":"2025-06-05T07:02:20","slug":"reklamacje-i-wymiany","status":"publish","type":"page","link":"https:\/\/agro-hit.pl\/de\/reklamacje-i-wymiany\/","title":{"rendered":"Reklamacje i wymiany"},"content":{"rendered":"<p>Twoje zadowolenie z zakup\u00f3w w naszym sklepie internetowym jest dla nas priorytetem. Chcemy, aby\u015b by\u0142(a) w pe\u0142ni usatysfakcjonowany(a) zakupionymi produktami. Je\u015bli jednak z jakiego\u015b powodu nie jeste\u015b zadowolony(a) z produktu lub masz pow\u00f3d do reklamacji, jeste\u015bmy tu, aby Ci pom\u00f3c.<\/p>\n<p><strong>Reklamacje:<\/strong><\/p>\n<ul>\n<li>Je\u015bli otrzymasz produkt, kt\u00f3ry jest wadliwy lub nie spe\u0142nia Twoich oczekiwa\u0144, skontaktuj si\u0119 z nami w ci\u0105gu 14 dni od daty otrzymania zam\u00f3wienia.<\/li>\n<li>Przyjmujemy reklamacje dotycz\u0105ce wad fabrycznych, uszkodze\u0144 w transporcie oraz niezgodno\u015bci z opisem produktu.<\/li>\n<li>Aby zg\u0142osi\u0107 reklamacj\u0119, skorzystaj z formularza kontaktowego na naszej stronie internetowej i podaj szczeg\u00f3\u0142owy opis problemu. Do zg\u0142oszenia reklamacji mo\u017ce by\u0107 wymagane do\u0142\u0105czenie zdj\u0119\u0107.<\/li>\n<li>Czas realizacji reklamacji przez serwis jest do 14 dni roboczych.<\/li>\n<\/ul>\n<p>\u00a0<\/p>\n<p><strong>Wymiany:<\/strong><\/p>\n<ul>\n<li>Je\u015bli chcesz wymieni\u0107 produkt na inny rozmiar, kolor lub model, skontaktuj si\u0119 z nami w ci\u0105gu 14 dni od daty otrzymania zam\u00f3wienia.<\/li>\n<li>Aby zainicjowa\u0107 proces wymiany, skorzystaj z formularza kontaktowego na naszej stronie internetowej i podaj informacje o produkcie, kt\u00f3ry chcesz wymieni\u0107, oraz nowy produkt, kt\u00f3ry chcesz otrzyma\u0107.<\/li>\n<\/ul>\n<p>\u00a0<\/p>\n<p>Naszym celem jest rozpatrzenie Twojej reklamacji lub wymiany jak najszybciej i jak najsprawniej.\u00a0<\/p>\n<p>Po otrzymaniu Twojego zg\u0142oszenia skontaktujemy si\u0119 z Tob\u0105, aby om\u00f3wi\u0107 dalsze kroki.<\/p>","protected":false},"excerpt":{"rendered":"<p>Twoje zadowolenie z zakup\u00f3w w naszym sklepie internetowym jest dla nas priorytetem. Chcemy, aby\u015b by\u0142(a) w pe\u0142ni usatysfakcjonowany(a) zakupionymi produktami. Je\u015bli jednak z jakiego\u015b powodu nie jeste\u015b zadowolony(a) z produktu lub masz pow\u00f3d do reklamacji, jeste\u015bmy tu, aby Ci pom\u00f3c. Reklamacje: Je\u015bli otrzymasz produkt, kt\u00f3ry jest wadliwy lub nie spe\u0142nia Twoich oczekiwa\u0144, skontaktuj si\u0119 z [&hellip;]<\/p>\n","protected":false},"author":12,"featured_media":0,"parent":0,"menu_order":0,"comment_status":"closed","ping_status":"closed","template":"","meta":{"footnotes":""},"class_list":["post-1089","page","type-page","status-publish","hentry"],"_links":{"self":[{"href":"https:\/\/agro-hit.pl\/de\/wp-json\/wp\/v2\/pages\/1089","targetHints":{"allow":["GET"]}}],"collection":[{"href":"https:\/\/agro-hit.pl\/de\/wp-json\/wp\/v2\/pages"}],"about":[{"href":"https:\/\/agro-hit.pl\/de\/wp-json\/wp\/v2\/types\/page"}],"author":[{"embeddable":true,"href":"https:\/\/agro-hit.pl\/de\/wp-json\/wp\/v2\/users\/12"}],"replies":[{"embeddable":true,"href":"https:\/\/agro-hit.pl\/de\/wp-json\/wp\/v2\/comments?post=1089"}],"version-history":[{"count":3,"href":"https:\/\/agro-hit.pl\/de\/wp-json\/wp\/v2\/pages\/1089\/revisions"}],"predecessor-version":[{"id":1755,"href":"https:\/\/agro-hit.pl\/de\/wp-json\/wp\/v2\/pages\/1089\/revisions\/1755"}],"wp:attachment":[{"href":"https:\/\/agro-hit.pl\/de\/wp-json\/wp\/v2\/media?parent=1089"}],"curies":[{"name":"wp","href":"https:\/\/api.w.org\/{rel}","templated":true}]}}